{"id":9989,"date":"2023-10-27T19:25:26","date_gmt":"2023-10-27T19:25:26","guid":{"rendered":"https:\/\/afuego.cc\/?page_id=9989"},"modified":"2023-10-27T19:32:12","modified_gmt":"2023-10-27T19:32:12","slug":"terminos-y-condiciones-afuego-travel","status":"publish","type":"page","link":"https:\/\/afuego.cc\/index.php\/terminos-y-condiciones-afuego-travel\/","title":{"rendered":"TERMINOS Y CONDICIONES AFUEGO TRAVEL"},"content":{"rendered":"\t\t<div data-elementor-type=\"wp-page\" data-elementor-id=\"9989\" class=\"elementor elementor-9989\">\n\t\t\t\t\t\t<section class=\"elementor-section elementor-top-section elementor-element elementor-element-913f3a4 elementor-section-boxed elementor-section-height-default elementor-section-height-default\" data-id=\"913f3a4\" data-element_type=\"section\" data-e-type=\"section\">\n\t\t\t\t\t\t<div class=\"elementor-container elementor-column-gap-default\">\n\t\t\t\t\t<div class=\"elementor-column elementor-col-100 elementor-top-column elementor-element elementor-element-a81b240\" data-id=\"a81b240\" data-element_type=\"column\" data-e-type=\"column\">\n\t\t\t<div class=\"elementor-widget-wrap elementor-element-populated\">\n\t\t\t\t\t\t<div class=\"elementor-element elementor-element-152bd05 elementor-widget-divider--view-line elementor-widget elementor-widget-divider\" data-id=\"152bd05\" data-element_type=\"widget\" data-e-type=\"widget\" data-widget_type=\"divider.default\">\n\t\t\t\t<div class=\"elementor-widget-container\">\n\t\t\t\t\t\t\t<div class=\"elementor-divider\">\n\t\t\t<span class=\"elementor-divider-separator\">\n\t\t\t\t\t\t<\/span>\n\t\t<\/div>\n\t\t\t\t\t\t<\/div>\n\t\t\t\t<\/div>\n\t\t\t\t<div class=\"elementor-element elementor-element-2959129 elementor-widget elementor-widget-text-editor\" data-id=\"2959129\" data-element_type=\"widget\" data-e-type=\"widget\" data-widget_type=\"text-editor.default\">\n\t\t\t\t<div class=\"elementor-widget-container\">\n\t\t\t\t\t\t\t\t\t<h2><span style=\"color: #ff6600;\">Queremos ayudarte a que tu experiencia con nosotros sea \u00fanica e inigualable&#8230;<\/span><\/h2><p>Por favor to\u0301mate 10 minutos para leer esta informacio\u0301n que sera\u0301 muy u\u0301til para que tengas un viaje divertido e inolvidable con nosotros&#8230;<\/p><p><strong>\u200b<\/strong><strong>Condiciones para realizar las actividades:<\/strong><\/p><p><strong>F\u00edsicas:<\/strong>\u00a0Tener un nivel de entrenamiento adeguado a las rutas. Salud; no padecer enfermedades card\u00edacas, problemas de columna vertebral, estar embarazada, problemas psiqui\u00e1tricos o neuronales, ni limitaciones corporales que por la naturaleza de las actividades se considere la persona no apta para participar.<\/p><p><strong>Naturales:<\/strong>\u00a0Las actividades se pueden realizar en condiciones de lluvia o ausencia de la misma, en temperaturas no extremas; no se pueden realizar cuando los\u00a0 caminos hayan sido da\u00f1ados severamente por la condiciones clim\u00e1ticas u otros fen\u00f3menos, cuando la velocidad del viento u otros fen\u00f3menos como granizo, etc. altere las condiciones requeridas para realizar las actividades.<\/p><p>\u200b\u00a0Queremos que disfrutes tu paseo al m\u00e1ximo,\u00a0 as\u00ed\u00a0que si en el transcurso te sientes mal, quieres descansar o hacer una parada y tomar fotos avisa a los gu\u00edas\u00a0que te acompa\u00f1an en todo el recorrido.<\/p><h2 style=\"text-align: center;\"><span style=\"color: #ff6600;\"><strong>T\u00e9rminos y Condiciones<\/strong><\/span><\/h2><p><strong>\u00a0<\/strong><strong>RESERVACIONES Y FORMAS DE PAGO<\/strong><\/p><p>\u200bEs necesario que envie el formulario indicado en nuetra pagina web: <a href=\"https:\/\/afuego.cc\/index.php\/reservar\/\">https:\/\/afuego.cc\/index.php\/reservar\/ <\/a>para poder ser registrado como participante ya para recibir confirmacion del viaje y del pago.<\/p><p>\u200b<strong>Al realizar la compra en l\u00ednea y\/o enviar su comprobante de pago para la reservaci\u00f3n del servicio solicitado, el cliente confirma que est\u00e1 de acuerdo con las condiciones previamente planteadas y asume las responsabilidades asociadas a la aceptaci\u00f3n de las mismas.<\/strong><\/p><p><strong>\u00a0<\/strong><strong>DISPOSICIONES GENERALES RESPECTO DE LA RESERVA DE SERVICIOS<\/strong><\/p><p>Por cada viaje se le enviar\u00e0 la lista de los servicios incluyidos y de los servicios adicionales como vuelo, renta de bici , seguro de viaje , dias extras etc\u2026<\/p><p>EL (LA) \u00a0PARTICIPANTE est\u00e1 obligado a prestar atenci\u00f3n y a obedecer cualquier instrucci\u00f3n dada por el personal de AFUEGO TRAVEL. Queda prohibido todo mal uso al equipo prestado, separarse del grupo o rebasar al gu\u00eda durante los recorridos, en caso de da\u00f1o por negligencia deber\u00e1 de cubrir el costo por el mismo.<\/p><p><strong>CAMBIOS DE FECHA, CANCELACIONES Y REEMBOLSOS<\/strong><\/p><p>Una vez realizado el pago, Usted acepta que no podr\u00e1 solicitar el reembolso del costo del tour reservado SEGUN LAS CONDICIONES Y FECHAS ESTABLECIDAS POR CADA VIAJE.<\/p><p>\u00a0\u200b<strong>CAMBIO DE VIAJE<\/strong><\/p><p>Todo cambio de viaje en reservaciones confirmadas est\u00e1 sujeto a disponibilidad y en su caso al pago de una diferencia.<\/p><p><strong>CANCELACI\u00d3N DE SERVICIOS POR PARTE DE AFUEGO TRAVEL<\/strong><\/p><p>En caso que no se llegue al n\u00famero m\u00ednimo de participantes dentro de la fecha de \u201ccierres de inscripciones\u201d te devolveremos el anticipo y lo dem\u00e1s pagado.<\/p><p><strong>OTRAS DISPOSICIONES<\/strong><\/p><p><strong>SEGURO DE GASTOS M\u00c9DICOS<\/strong><\/p><p>Para viajar con nosotros tiene que contar con un seguro de de gastos m\u00e9dicos, valido en el Extrajero. Si a caso no cuenta con tu seguro, te sugerimos el operador Journey Sports (<a href=\"http:\/\/www.journey.app)\">www.journey.app)<\/a>. \u00a0<\/p><p><strong>LIMITANTES A LA RESPONSABILIDAD.\u00a0<\/strong><\/p><p>Usted exonera a los organizadores AFUEGO TRAVEL de toda responsabilidad derivada de los riesgos del tour as\u00ed como de los da\u00f1os causados durante el tour, de cualquier naturaleza sean personales y\/o patrimoniales, que se le ocasionaren a su persona o bienes o a terceras personas o bienes de terceros por motivo de su participaci\u00f3n en el tour, sea durante y\/o a consecuencia de la misma.<\/p><p><strong>INDEMNIZACI\u00d3N.\u00a0<\/strong><\/p><p><strong>\u200b<\/strong>Usted reconoce y acepta que ser\u00e1 responsable de indemnizar y sacar a paz y a salvo a AFUEGO TRAVEL por los da\u00f1os y perjuicios derivados del incumplimiento a lo establecido en estos T\u00e9rminos y Condiciones, as\u00ed como de los da\u00f1os y perjuicios que deriven de o se relacionen con el partecipacion al viaje.\u00a0<\/p><p><strong>ENCABEZADOS E INCISOS.\u00a0<\/strong><\/p><p><strong>\u200b<\/strong>Todos los t\u00edtulos, encabezados e incisos de los presentes T\u00e9rminos y Condiciones se utilizan \u00fanicamente para facilitar referencias por lo que no afectar\u00e1n el contenido o interpretaci\u00f3n de los mismos.\u00a0<\/p><p><strong>SUPERVIVENCIA DE LOS T\u00c9RMINOS Y CONDICIONES.\u00a0<\/strong><\/p><p><strong>\u200b<\/strong>En el caso de que alguna autoridad judicial o administrativa declare la nulidad de alg\u00fan inciso, p\u00e1rrafo, o cl\u00e1usula de los presentes T\u00e9rminos y Condiciones, los dem\u00e1s incisos, p\u00e1rrafos y cl\u00e1usulas del presente instrumento continuar\u00e1n siendo obligatorios para las partes.\u00a0<\/p><p><strong>JURISDICCI\u00d3N Y LEY APLICABLE.\u00a0<\/strong><\/p><p>\u200bUsted acepta que la interpretaci\u00f3n, cumplimiento y\/o cualquier controversia relacionada o derivada de los presentes T\u00e9rminos y Condiciones, su partecipacion al viaje o con los servicios que Usted adquiera, ser\u00e1n sometidas a las leyes aplicables vigentes de los Estados Unidos Mexicanos y a los Tribunales competentes en el Municipio de Puebla, Puebla, y renuncia expresamente a cualquier otro fuero que por virtud de su domicilio presente o futuro pudiere corresponderle.<\/p><p>Debe apegarse al Reglamento contemplado por la Norma Oficial Mexicana NOM-011-TUR-2001 para actividades de aventura.<\/p><p><strong>FIRMA ELECTR\u00d3NICA<\/strong><\/p><p>El consentimiento en la celebraci\u00f3n de la prestaci\u00f3n del servicio\u00a0 que se establece\u00a0en el mensaje de texto, whatsapp o\u00a0correo electr\u00f3nico\u00a0\u00a0de confirmaci\u00f3n \u00a0del servicio solicitado, as\u00ed como en la presente secci\u00f3n de t\u00e9rminos y condiciones, se expresa mediante el uso de medios electr\u00f3nicos, a trav\u00e9s de la firma digital o firma electr\u00f3nica, y deber\u00e1 ser considerada como si de firma aut\u00f3grafa se tratara, en t\u00e9rminos de lo dispuesto en el art\u00edculo 1803 del C\u00f3digo Civil para el Distrito Federal (aplicable y vigente en la Ciudad de M\u00e9xico) y dem\u00e1s correlativos y aplicables, lo anterior, para todos los efectos legales a que haya lugar, incluyendo su valor probatorio ante Tribunales Judiciales y Arbitrales.<\/p><p>\u200bSe entender\u00e1 por firma digital o firma electr\u00f3nica a: Los datos en forma electro\u0301nica consignados en un Mensaje de Datos, o adjuntados o lo\u0301gicamente asociados al mismo por cualquier tecnologi\u0301a, que son utilizados para identificar al Firmante en relacio\u0301n con el Mensaje de Datos e indicar que el Firmante aprueba la informacio\u0301n contenida en el Mensaje de Datos, de acuerdo al Art\u00edculo 1803 del C\u00f3digo Civil Federal Vigente y la NOM-151.<\/p>\t\t\t\t\t\t\t\t<\/div>\n\t\t\t\t<\/div>\n\t\t\t\t\t<\/div>\n\t\t<\/div>\n\t\t\t\t\t<\/div>\n\t\t<\/section>\n\t\t\t\t<\/div>\n\t\t","protected":false},"excerpt":{"rendered":"<p>Queremos ayudarte a que tu experiencia con nosotros sea \u00fanica e inigualable&#8230; Por favor to\u0301mate 10 minutos para leer esta informacio\u0301n que sera\u0301 muy u\u0301til para que tengas un viaje divertido e inolvidable con nosotros&#8230; \u200bCondiciones para realizar las actividades: F\u00edsicas:\u00a0Tener un nivel de entrenamiento adeguado a las rutas. Salud; no padecer enfermedades card\u00edacas, problemas<a class=\"more-link\" href=\"https:\/\/afuego.cc\/index.php\/terminos-y-condiciones-afuego-travel\/\">Read more  &#10230;<\/a><\/p>\n","protected":false},"author":1,"featured_media":0,"parent":0,"menu_order":0,"comment_status":"closed","ping_status":"closed","template":"","meta":{"_monsterinsights_skip_tracking":false,"_monsterinsights_sitenote_active":false,"_monsterinsights_sitenote_note":"","_monsterinsights_sitenote_category":0,"footnotes":""},"class_list":["post-9989","page","type-page","status-publish","hentry"],"aioseo_notices":[],"_links":{"self":[{"href":"https:\/\/afuego.cc\/index.php\/wp-json\/wp\/v2\/pages\/9989","targetHints":{"allow":["GET"]}}],"collection":[{"href":"https:\/\/afuego.cc\/index.php\/wp-json\/wp\/v2\/pages"}],"about":[{"href":"https:\/\/afuego.cc\/index.php\/wp-json\/wp\/v2\/types\/page"}],"author":[{"embeddable":true,"href":"https:\/\/afuego.cc\/index.php\/wp-json\/wp\/v2\/users\/1"}],"replies":[{"embeddable":true,"href":"https:\/\/afuego.cc\/index.php\/wp-json\/wp\/v2\/comments?post=9989"}],"version-history":[{"count":13,"href":"https:\/\/afuego.cc\/index.php\/wp-json\/wp\/v2\/pages\/9989\/revisions"}],"predecessor-version":[{"id":10002,"href":"https:\/\/afuego.cc\/index.php\/wp-json\/wp\/v2\/pages\/9989\/revisions\/10002"}],"wp:attachment":[{"href":"https:\/\/afuego.cc\/index.php\/wp-json\/wp\/v2\/media?parent=9989"}],"curies":[{"name":"wp","href":"https:\/\/api.w.org\/{rel}","templated":true}]}}