{"id":8231,"date":"2022-06-11T18:45:19","date_gmt":"2022-06-11T18:45:19","guid":{"rendered":"https:\/\/afuego.cc\/?page_id=8231"},"modified":"2022-07-26T01:45:11","modified_gmt":"2022-07-26T01:45:11","slug":"sweaters","status":"publish","type":"page","link":"https:\/\/afuego.cc\/index.php\/sweaters\/","title":{"rendered":"Sweaters"},"content":{"rendered":"\t\t<div data-elementor-type=\"wp-page\" data-elementor-id=\"8231\" class=\"elementor elementor-8231\">\n\t\t\t\t\t\t<section class=\"elementor-section elementor-top-section elementor-element elementor-element-f9a7dec elementor-section-boxed elementor-section-height-default elementor-section-height-default\" data-id=\"f9a7dec\" data-element_type=\"section\" data-e-type=\"section\">\n\t\t\t\t\t\t<div class=\"elementor-container elementor-column-gap-default\">\n\t\t\t\t\t<div class=\"elementor-column elementor-col-100 elementor-top-column elementor-element elementor-element-46e1e19\" data-id=\"46e1e19\" data-element_type=\"column\" data-e-type=\"column\">\n\t\t\t<div class=\"elementor-widget-wrap elementor-element-populated\">\n\t\t\t\t\t\t<div class=\"elementor-element elementor-element-f43837a elementor-widget elementor-widget-shortcode\" data-id=\"f43837a\" data-element_type=\"widget\" data-e-type=\"widget\" data-widget_type=\"shortcode.default\">\n\t\t\t\t<div class=\"elementor-widget-container\">\n\t\t\t\t\t\t\t<div class=\"elementor-shortcode\">\n<\/div>\n\t\t\t\t\t\t<\/div>\n\t\t\t\t<\/div>\n\t\t\t\t<div class=\"elementor-element elementor-element-8702215 elementor-widget elementor-widget-heading\" data-id=\"8702215\" data-element_type=\"widget\" data-e-type=\"widget\" data-widget_type=\"heading.default\">\n\t\t\t\t<div class=\"elementor-widget-container\">\n\t\t\t\t\t<h2 class=\"elementor-heading-title elementor-size-default\">Sweaters<\/h2>\t\t\t\t<\/div>\n\t\t\t\t<\/div>\n\t\t\t\t\t<\/div>\n\t\t<\/div>\n\t\t\t\t\t<\/div>\n\t\t<\/section>\n\t\t\t\t<section class=\"elementor-section elementor-top-section elementor-element elementor-element-9b00795 elementor-section-boxed elementor-section-height-default elementor-section-height-default\" data-id=\"9b00795\" data-element_type=\"section\" data-e-type=\"section\">\n\t\t\t\t\t\t<div class=\"elementor-container elementor-column-gap-default\">\n\t\t\t\t\t<div class=\"elementor-column elementor-col-50 elementor-top-column elementor-element elementor-element-9586e08\" data-id=\"9586e08\" data-element_type=\"column\" data-e-type=\"column\">\n\t\t\t<div class=\"elementor-widget-wrap elementor-element-populated\">\n\t\t\t\t\t\t<div class=\"elementor-element elementor-element-a0b7838 elementor-widget elementor-widget-text-editor\" data-id=\"a0b7838\" data-element_type=\"widget\" data-e-type=\"widget\" data-widget_type=\"text-editor.default\">\n\t\t\t\t<div class=\"elementor-widget-container\">\n\t\t\t\t\t\t\t\t\t<p>La sudadera con capucha est\u00e1 dise\u00f1ada para tu tiempo libre despu\u00e9s de los entrenamientos en bicicleta, aportando estilo Afuego en tus momentos de inactividad. Las mangas de la sudadera con capucha est\u00e1n terminadas con pu\u00f1os acanalados cl\u00e1sicos y el cord\u00f3n de ajuste de la capucha mantiene el calor, mientras que el gran bolsillo frontal te permite mantener las manos calientes.<\/p><p>NB Esta prenda tiene un ajuste regular.<\/p>\t\t\t\t\t\t\t\t<\/div>\n\t\t\t\t<\/div>\n\t\t\t\t<div class=\"elementor-element elementor-element-dc24978 elementor-widget elementor-widget-image\" data-id=\"dc24978\" data-element_type=\"widget\" data-e-type=\"widget\" data-widget_type=\"image.default\">\n\t\t\t\t<div class=\"elementor-widget-container\">\n\t\t\t\t\t\t\t\t\t\t\t\t\t\t\t<img fetchpriority=\"high\" decoding=\"async\" width=\"683\" height=\"1024\" src=\"https:\/\/afuego.cc\/wp-content\/uploads\/2022\/06\/sudadera_afuego_e-683x1024.jpg\" class=\"attachment-large size-large wp-image-8216\" alt=\"\" srcset=\"https:\/\/afuego.cc\/wp-content\/uploads\/2022\/06\/sudadera_afuego_e-683x1024.jpg 683w, https:\/\/afuego.cc\/wp-content\/uploads\/2022\/06\/sudadera_afuego_e-200x300.jpg 200w, https:\/\/afuego.cc\/wp-content\/uploads\/2022\/06\/sudadera_afuego_e-768x1152.jpg 768w, https:\/\/afuego.cc\/wp-content\/uploads\/2022\/06\/sudadera_afuego_e-300x450.jpg 300w, https:\/\/afuego.cc\/wp-content\/uploads\/2022\/06\/sudadera_afuego_e-450x675.jpg 450w, https:\/\/afuego.cc\/wp-content\/uploads\/2022\/06\/sudadera_afuego_e.jpg 800w\" sizes=\"(max-width: 683px) 100vw, 683px\" \/>\t\t\t\t\t\t\t\t\t\t\t\t\t\t\t<\/div>\n\t\t\t\t<\/div>\n\t\t\t\t\t<\/div>\n\t\t<\/div>\n\t\t\t\t<div class=\"elementor-column elementor-col-50 elementor-top-column elementor-element elementor-element-558ce91\" data-id=\"558ce91\" data-element_type=\"column\" data-e-type=\"column\">\n\t\t\t<div class=\"elementor-widget-wrap elementor-element-populated\">\n\t\t\t\t\t\t<div class=\"elementor-element elementor-element-71e7b1c elementor-widget elementor-widget-shortcode\" data-id=\"71e7b1c\" data-element_type=\"widget\" data-e-type=\"widget\" data-widget_type=\"shortcode.default\">\n\t\t\t\t<div class=\"elementor-widget-container\">\n\t\t\t\t\t\t\t<div class=\"elementor-shortcode\">[product_category category=\u201csweaters\u201d columns=\"1\"] <\/div>\n\t\t\t\t\t\t<\/div>\n\t\t\t\t<\/div>\n\t\t\t\t\t<\/div>\n\t\t<\/div>\n\t\t\t\t\t<\/div>\n\t\t<\/section>\n\t\t\t\t<\/div>\n\t\t","protected":false},"excerpt":{"rendered":"<p>Sweaters La sudadera con capucha est\u00e1 dise\u00f1ada para tu tiempo libre despu\u00e9s de los entrenamientos en bicicleta, aportando estilo Afuego en tus momentos de inactividad. Las mangas de la sudadera con capucha est\u00e1n terminadas con pu\u00f1os acanalados cl\u00e1sicos y el cord\u00f3n de ajuste de la capucha mantiene el calor, mientras que el gran bolsillo frontal<a class=\"more-link\" href=\"https:\/\/afuego.cc\/index.php\/sweaters\/\">Read more  &#10230;<\/a><\/p>\n","protected":false},"author":1,"featured_media":0,"parent":0,"menu_order":0,"comment_status":"closed","ping_status":"closed","template":"","meta":{"_monsterinsights_skip_tracking":false,"_monsterinsights_sitenote_active":false,"_monsterinsights_sitenote_note":"","_monsterinsights_sitenote_category":0,"footnotes":""},"class_list":["post-8231","page","type-page","status-publish","hentry"],"aioseo_notices":[],"_links":{"self":[{"href":"https:\/\/afuego.cc\/index.php\/wp-json\/wp\/v2\/pages\/8231","targetHints":{"allow":["GET"]}}],"collection":[{"href":"https:\/\/afuego.cc\/index.php\/wp-json\/wp\/v2\/pages"}],"about":[{"href":"https:\/\/afuego.cc\/index.php\/wp-json\/wp\/v2\/types\/page"}],"author":[{"embeddable":true,"href":"https:\/\/afuego.cc\/index.php\/wp-json\/wp\/v2\/users\/1"}],"replies":[{"embeddable":true,"href":"https:\/\/afuego.cc\/index.php\/wp-json\/wp\/v2\/comments?post=8231"}],"version-history":[{"count":22,"href":"https:\/\/afuego.cc\/index.php\/wp-json\/wp\/v2\/pages\/8231\/revisions"}],"predecessor-version":[{"id":8617,"href":"https:\/\/afuego.cc\/index.php\/wp-json\/wp\/v2\/pages\/8231\/revisions\/8617"}],"wp:attachment":[{"href":"https:\/\/afuego.cc\/index.php\/wp-json\/wp\/v2\/media?parent=8231"}],"curies":[{"name":"wp","href":"https:\/\/api.w.org\/{rel}","templated":true}]}}