{"id":7711,"date":"2021-09-18T21:38:58","date_gmt":"2021-09-18T21:38:58","guid":{"rendered":"https:\/\/afuego.cc\/?page_id=7711"},"modified":"2026-01-03T00:26:24","modified_gmt":"2026-01-03T00:26:24","slug":"heritage","status":"publish","type":"page","link":"https:\/\/afuego.cc\/index.php\/heritage\/","title":{"rendered":"heritage"},"content":{"rendered":"\t\t<div data-elementor-type=\"wp-page\" data-elementor-id=\"7711\" class=\"elementor elementor-7711\">\n\t\t\t\t\t\t<section class=\"elementor-section elementor-top-section elementor-element elementor-element-140e4e8 elementor-section-boxed elementor-section-height-default elementor-section-height-default\" data-id=\"140e4e8\" data-element_type=\"section\" data-e-type=\"section\">\n\t\t\t\t\t\t<div class=\"elementor-container elementor-column-gap-default\">\n\t\t\t\t\t<div class=\"elementor-column elementor-col-100 elementor-top-column elementor-element elementor-element-2189544\" data-id=\"2189544\" data-element_type=\"column\" data-e-type=\"column\">\n\t\t\t<div class=\"elementor-widget-wrap elementor-element-populated\">\n\t\t\t\t\t\t<div class=\"elementor-element elementor-element-22dbc8e elementor-widget elementor-widget-image\" data-id=\"22dbc8e\" data-element_type=\"widget\" data-e-type=\"widget\" data-widget_type=\"image.default\">\n\t\t\t\t<div class=\"elementor-widget-container\">\n\t\t\t\t\t\t\t\t\t\t\t\t\t\t\t<img fetchpriority=\"high\" decoding=\"async\" width=\"1200\" height=\"400\" src=\"https:\/\/afuego.cc\/wp-content\/uploads\/2026\/01\/heritage_01.png\" class=\"attachment-full size-full wp-image-10494\" alt=\"\" srcset=\"https:\/\/afuego.cc\/wp-content\/uploads\/2026\/01\/heritage_01.png 1200w, https:\/\/afuego.cc\/wp-content\/uploads\/2026\/01\/heritage_01-300x100.png 300w, https:\/\/afuego.cc\/wp-content\/uploads\/2026\/01\/heritage_01-1024x341.png 1024w, https:\/\/afuego.cc\/wp-content\/uploads\/2026\/01\/heritage_01-768x256.png 768w, https:\/\/afuego.cc\/wp-content\/uploads\/2026\/01\/heritage_01-450x150.png 450w\" sizes=\"(max-width: 1200px) 100vw, 1200px\" \/>\t\t\t\t\t\t\t\t\t\t\t\t\t\t\t<\/div>\n\t\t\t\t<\/div>\n\t\t\t\t\t<\/div>\n\t\t<\/div>\n\t\t\t\t\t<\/div>\n\t\t<\/section>\n\t\t\t\t<section class=\"elementor-section elementor-top-section elementor-element elementor-element-72b65a8 elementor-section-boxed elementor-section-height-default elementor-section-height-default\" data-id=\"72b65a8\" data-element_type=\"section\" data-e-type=\"section\">\n\t\t\t\t\t\t<div class=\"elementor-container elementor-column-gap-default\">\n\t\t\t\t\t<div class=\"elementor-column elementor-col-100 elementor-top-column elementor-element elementor-element-467f022\" data-id=\"467f022\" data-element_type=\"column\" data-e-type=\"column\">\n\t\t\t<div class=\"elementor-widget-wrap elementor-element-populated\">\n\t\t\t\t\t\t<div class=\"elementor-element elementor-element-a040572 elementor-widget elementor-widget-heading\" data-id=\"a040572\" data-element_type=\"widget\" data-e-type=\"widget\" data-widget_type=\"heading.default\">\n\t\t\t\t<div class=\"elementor-widget-container\">\n\t\t\t\t\t<h2 class=\"elementor-heading-title elementor-size-default\">Dise\u00f1amos solo lo que estamos dispuestos a usar durante horas.<\/h2>\t\t\t\t<\/div>\n\t\t\t\t<\/div>\n\t\t\t\t\t<\/div>\n\t\t<\/div>\n\t\t\t\t\t<\/div>\n\t\t<\/section>\n\t\t\t\t<section class=\"elementor-section elementor-top-section elementor-element elementor-element-5fb6104 elementor-section-boxed elementor-section-height-default elementor-section-height-default\" data-id=\"5fb6104\" data-element_type=\"section\" data-e-type=\"section\">\n\t\t\t\t\t\t<div class=\"elementor-container elementor-column-gap-default\">\n\t\t\t\t\t<div class=\"elementor-column elementor-col-50 elementor-top-column elementor-element elementor-element-832bcc2\" data-id=\"832bcc2\" data-element_type=\"column\" data-e-type=\"column\">\n\t\t\t<div class=\"elementor-widget-wrap elementor-element-populated\">\n\t\t\t\t\t\t<div class=\"elementor-element elementor-element-c162ba1 elementor-widget elementor-widget-image\" data-id=\"c162ba1\" data-element_type=\"widget\" data-e-type=\"widget\" data-widget_type=\"image.default\">\n\t\t\t\t<div class=\"elementor-widget-container\">\n\t\t\t\t\t\t\t\t\t\t\t\t\t\t\t<img decoding=\"async\" width=\"600\" height=\"400\" src=\"https:\/\/afuego.cc\/wp-content\/uploads\/2026\/01\/heritage_1.png\" class=\"attachment-medium_large size-medium_large wp-image-10482\" alt=\"\" srcset=\"https:\/\/afuego.cc\/wp-content\/uploads\/2026\/01\/heritage_1.png 600w, https:\/\/afuego.cc\/wp-content\/uploads\/2026\/01\/heritage_1-300x200.png 300w, https:\/\/afuego.cc\/wp-content\/uploads\/2026\/01\/heritage_1-450x300.png 450w\" sizes=\"(max-width: 600px) 100vw, 600px\" \/>\t\t\t\t\t\t\t\t\t\t\t\t\t\t\t<\/div>\n\t\t\t\t<\/div>\n\t\t\t\t\t<\/div>\n\t\t<\/div>\n\t\t\t\t<div class=\"elementor-column elementor-col-50 elementor-top-column elementor-element elementor-element-4b1d472\" data-id=\"4b1d472\" data-element_type=\"column\" data-e-type=\"column\">\n\t\t\t<div class=\"elementor-widget-wrap elementor-element-populated\">\n\t\t\t\t\t\t<div class=\"elementor-element elementor-element-cef7788 elementor-widget elementor-widget-image\" data-id=\"cef7788\" data-element_type=\"widget\" data-e-type=\"widget\" data-widget_type=\"image.default\">\n\t\t\t\t<div class=\"elementor-widget-container\">\n\t\t\t\t\t\t\t\t\t\t\t\t\t\t\t<img decoding=\"async\" width=\"600\" height=\"400\" src=\"https:\/\/afuego.cc\/wp-content\/uploads\/2026\/01\/heritage_2.png\" class=\"attachment-medium_large size-medium_large wp-image-10481\" alt=\"\" srcset=\"https:\/\/afuego.cc\/wp-content\/uploads\/2026\/01\/heritage_2.png 600w, https:\/\/afuego.cc\/wp-content\/uploads\/2026\/01\/heritage_2-300x200.png 300w, https:\/\/afuego.cc\/wp-content\/uploads\/2026\/01\/heritage_2-450x300.png 450w\" sizes=\"(max-width: 600px) 100vw, 600px\" \/>\t\t\t\t\t\t\t\t\t\t\t\t\t\t\t<\/div>\n\t\t\t\t<\/div>\n\t\t\t\t\t<\/div>\n\t\t<\/div>\n\t\t\t\t\t<\/div>\n\t\t<\/section>\n\t\t\t\t<section class=\"elementor-section elementor-top-section elementor-element elementor-element-5901035 elementor-section-boxed elementor-section-height-default elementor-section-height-default\" data-id=\"5901035\" data-element_type=\"section\" data-e-type=\"section\">\n\t\t\t\t\t\t<div class=\"elementor-container elementor-column-gap-default\">\n\t\t\t\t\t<div class=\"elementor-column elementor-col-50 elementor-top-column elementor-element elementor-element-88279c0\" data-id=\"88279c0\" data-element_type=\"column\" data-e-type=\"column\">\n\t\t\t<div class=\"elementor-widget-wrap elementor-element-populated\">\n\t\t\t\t\t\t<div class=\"elementor-element elementor-element-7eb48d5 elementor-widget elementor-widget-image\" data-id=\"7eb48d5\" data-element_type=\"widget\" data-e-type=\"widget\" data-widget_type=\"image.default\">\n\t\t\t\t<div class=\"elementor-widget-container\">\n\t\t\t\t\t\t\t\t\t\t\t\t\t\t\t<img loading=\"lazy\" decoding=\"async\" width=\"600\" height=\"400\" src=\"https:\/\/afuego.cc\/wp-content\/uploads\/2026\/01\/heritage_3.png\" class=\"attachment-medium_large size-medium_large wp-image-10480\" alt=\"\" srcset=\"https:\/\/afuego.cc\/wp-content\/uploads\/2026\/01\/heritage_3.png 600w, https:\/\/afuego.cc\/wp-content\/uploads\/2026\/01\/heritage_3-300x200.png 300w, https:\/\/afuego.cc\/wp-content\/uploads\/2026\/01\/heritage_3-450x300.png 450w\" sizes=\"(max-width: 600px) 100vw, 600px\" \/>\t\t\t\t\t\t\t\t\t\t\t\t\t\t\t<\/div>\n\t\t\t\t<\/div>\n\t\t\t\t\t<\/div>\n\t\t<\/div>\n\t\t\t\t<div class=\"elementor-column elementor-col-50 elementor-top-column elementor-element elementor-element-5955fd1\" data-id=\"5955fd1\" data-element_type=\"column\" data-e-type=\"column\">\n\t\t\t<div class=\"elementor-widget-wrap elementor-element-populated\">\n\t\t\t\t\t\t<div class=\"elementor-element elementor-element-35d7ef1 elementor-widget elementor-widget-image\" data-id=\"35d7ef1\" data-element_type=\"widget\" data-e-type=\"widget\" data-widget_type=\"image.default\">\n\t\t\t\t<div class=\"elementor-widget-container\">\n\t\t\t\t\t\t\t\t\t\t\t\t\t\t\t<img loading=\"lazy\" decoding=\"async\" width=\"600\" height=\"400\" src=\"https:\/\/afuego.cc\/wp-content\/uploads\/2026\/01\/heritage_1-1.png\" class=\"attachment-medium_large size-medium_large wp-image-10483\" alt=\"\" srcset=\"https:\/\/afuego.cc\/wp-content\/uploads\/2026\/01\/heritage_1-1.png 600w, https:\/\/afuego.cc\/wp-content\/uploads\/2026\/01\/heritage_1-1-300x200.png 300w, https:\/\/afuego.cc\/wp-content\/uploads\/2026\/01\/heritage_1-1-450x300.png 450w\" sizes=\"(max-width: 600px) 100vw, 600px\" \/>\t\t\t\t\t\t\t\t\t\t\t\t\t\t\t<\/div>\n\t\t\t\t<\/div>\n\t\t\t\t\t<\/div>\n\t\t<\/div>\n\t\t\t\t\t<\/div>\n\t\t<\/section>\n\t\t\t\t<section class=\"elementor-section elementor-top-section elementor-element elementor-element-afb93a2 elementor-section-boxed elementor-section-height-default elementor-section-height-default\" data-id=\"afb93a2\" data-element_type=\"section\" data-e-type=\"section\">\n\t\t\t\t\t\t<div class=\"elementor-container elementor-column-gap-default\">\n\t\t\t\t\t<div class=\"elementor-column elementor-col-100 elementor-top-column elementor-element elementor-element-6b0eec9\" data-id=\"6b0eec9\" data-element_type=\"column\" data-e-type=\"column\">\n\t\t\t<div class=\"elementor-widget-wrap elementor-element-populated\">\n\t\t\t\t\t\t<div class=\"elementor-element elementor-element-48b5da5 elementor-widget elementor-widget-text-editor\" data-id=\"48b5da5\" data-element_type=\"widget\" data-e-type=\"widget\" data-widget_type=\"text-editor.default\">\n\t\t\t\t<div class=\"elementor-widget-container\">\n\t\t\t\t\t\t\t\t\t<p>Cada prenda Afuego est\u00e1 pensada para durar, acompa\u00f1ar y desaparecer mientras pedaleas.<br data-start=\"1625\" data-end=\"1628\">\nTejidos seleccionados por su resistencia y comodidad, cortes probados en rutas largas, detalles que importan cuando pasan las horas.<br data-start=\"1762\" data-end=\"1765\">\nNo dise\u00f1amos para destacar.<br data-start=\"1794\" data-end=\"1797\">\nDise\u00f1amos para seguir.<\/p>\t\t\t\t\t\t\t\t<\/div>\n\t\t\t\t<\/div>\n\t\t\t\t\t<\/div>\n\t\t<\/div>\n\t\t\t\t\t<\/div>\n\t\t<\/section>\n\t\t\t\t<section class=\"elementor-section elementor-top-section elementor-element elementor-element-b6a5dbe elementor-section-boxed elementor-section-height-default elementor-section-height-default\" data-id=\"b6a5dbe\" data-element_type=\"section\" data-e-type=\"section\">\n\t\t\t\t\t\t<div class=\"elementor-container elementor-column-gap-default\">\n\t\t\t\t\t<div class=\"elementor-column elementor-col-100 elementor-top-column elementor-element elementor-element-697ac72\" data-id=\"697ac72\" data-element_type=\"column\" data-e-type=\"column\">\n\t\t\t<div class=\"elementor-widget-wrap elementor-element-populated\">\n\t\t\t\t\t\t<div class=\"elementor-element elementor-element-7461202 elementor-widget elementor-widget-heading\" data-id=\"7461202\" data-element_type=\"widget\" data-e-type=\"widget\" data-widget_type=\"heading.default\">\n\t\t\t\t<div class=\"elementor-widget-container\">\n\t\t\t\t\t<h2 class=\"elementor-heading-title elementor-size-default\">Available during selected Afuego experiences.<\/h2>\t\t\t\t<\/div>\n\t\t\t\t<\/div>\n\t\t\t\t\t<\/div>\n\t\t<\/div>\n\t\t\t\t\t<\/div>\n\t\t<\/section>\n\t\t\t\t<\/div>\n\t\t","protected":false},"excerpt":{"rendered":"<p>Dise\u00f1amos solo lo que estamos dispuestos a usar durante horas. Cada prenda Afuego est\u00e1 pensada para durar, acompa\u00f1ar y desaparecer mientras pedaleas. Tejidos seleccionados por su resistencia y comodidad, cortes probados en rutas largas, detalles que importan cuando pasan las horas. No dise\u00f1amos para destacar. Dise\u00f1amos para seguir. Available during selected Afuego experiences.<\/p>\n","protected":false},"author":1,"featured_media":0,"parent":0,"menu_order":0,"comment_status":"closed","ping_status":"closed","template":"","meta":{"_monsterinsights_skip_tracking":false,"_monsterinsights_sitenote_active":false,"_monsterinsights_sitenote_note":"","_monsterinsights_sitenote_category":0,"footnotes":""},"class_list":["post-7711","page","type-page","status-publish","hentry"],"aioseo_notices":[],"_links":{"self":[{"href":"https:\/\/afuego.cc\/index.php\/wp-json\/wp\/v2\/pages\/7711","targetHints":{"allow":["GET"]}}],"collection":[{"href":"https:\/\/afuego.cc\/index.php\/wp-json\/wp\/v2\/pages"}],"about":[{"href":"https:\/\/afuego.cc\/index.php\/wp-json\/wp\/v2\/types\/page"}],"author":[{"embeddable":true,"href":"https:\/\/afuego.cc\/index.php\/wp-json\/wp\/v2\/users\/1"}],"replies":[{"embeddable":true,"href":"https:\/\/afuego.cc\/index.php\/wp-json\/wp\/v2\/comments?post=7711"}],"version-history":[{"count":114,"href":"https:\/\/afuego.cc\/index.php\/wp-json\/wp\/v2\/pages\/7711\/revisions"}],"predecessor-version":[{"id":10497,"href":"https:\/\/afuego.cc\/index.php\/wp-json\/wp\/v2\/pages\/7711\/revisions\/10497"}],"wp:attachment":[{"href":"https:\/\/afuego.cc\/index.php\/wp-json\/wp\/v2\/media?parent=7711"}],"curies":[{"name":"wp","href":"https:\/\/api.w.org\/{rel}","templated":true}]}}