{"id":7458,"date":"2021-07-03T04:29:56","date_gmt":"2021-07-03T04:29:56","guid":{"rendered":"https:\/\/afuego.cc\/?page_id=7458"},"modified":"2026-01-02T20:48:08","modified_gmt":"2026-01-02T20:48:08","slug":"about-us","status":"publish","type":"page","link":"https:\/\/afuego.cc\/index.php\/about-us\/","title":{"rendered":"ABOUT US"},"content":{"rendered":"\t\t<div data-elementor-type=\"wp-page\" data-elementor-id=\"7458\" class=\"elementor elementor-7458\">\n\t\t\t\t\t\t<section class=\"elementor-section elementor-top-section elementor-element elementor-element-ec4530d elementor-section-boxed elementor-section-height-default elementor-section-height-default\" data-id=\"ec4530d\" data-element_type=\"section\" data-e-type=\"section\">\n\t\t\t\t\t\t<div class=\"elementor-container elementor-column-gap-default\">\n\t\t\t\t\t<div class=\"elementor-column elementor-col-33 elementor-top-column elementor-element elementor-element-0256472\" data-id=\"0256472\" data-element_type=\"column\" data-e-type=\"column\">\n\t\t\t<div class=\"elementor-widget-wrap elementor-element-populated\">\n\t\t\t\t\t\t<div class=\"elementor-element elementor-element-4e269ea elementor-widget elementor-widget-image\" data-id=\"4e269ea\" data-element_type=\"widget\" data-e-type=\"widget\" data-widget_type=\"image.default\">\n\t\t\t\t<div class=\"elementor-widget-container\">\n\t\t\t\t\t\t\t\t\t\t\t\t\t\t\t<img fetchpriority=\"high\" decoding=\"async\" width=\"1021\" height=\"1024\" src=\"https:\/\/afuego.cc\/wp-content\/uploads\/2021\/11\/instagram70-1021x1024.jpg\" class=\"attachment-large size-large wp-image-7826\" alt=\"\" srcset=\"https:\/\/afuego.cc\/wp-content\/uploads\/2021\/11\/instagram70-1021x1024.jpg 1021w, https:\/\/afuego.cc\/wp-content\/uploads\/2021\/11\/instagram70-300x301.jpg 300w, https:\/\/afuego.cc\/wp-content\/uploads\/2021\/11\/instagram70-150x150.jpg 150w, https:\/\/afuego.cc\/wp-content\/uploads\/2021\/11\/instagram70-768x770.jpg 768w, https:\/\/afuego.cc\/wp-content\/uploads\/2021\/11\/instagram70-450x451.jpg 450w, https:\/\/afuego.cc\/wp-content\/uploads\/2021\/11\/instagram70.jpg 1077w\" sizes=\"(max-width: 1021px) 100vw, 1021px\" \/>\t\t\t\t\t\t\t\t\t\t\t\t\t\t\t<\/div>\n\t\t\t\t<\/div>\n\t\t\t\t\t<\/div>\n\t\t<\/div>\n\t\t\t\t<div class=\"elementor-column elementor-col-33 elementor-top-column elementor-element elementor-element-a6e7b49\" data-id=\"a6e7b49\" data-element_type=\"column\" data-e-type=\"column\">\n\t\t\t<div class=\"elementor-widget-wrap elementor-element-populated\">\n\t\t\t\t\t\t<div class=\"elementor-element elementor-element-8021cc7 elementor-widget elementor-widget-image\" data-id=\"8021cc7\" data-element_type=\"widget\" data-e-type=\"widget\" data-widget_type=\"image.default\">\n\t\t\t\t<div class=\"elementor-widget-container\">\n\t\t\t\t\t\t\t\t\t\t\t\t\t\t\t<img decoding=\"async\" width=\"1021\" height=\"1024\" src=\"https:\/\/afuego.cc\/wp-content\/uploads\/2021\/11\/instagram69-1021x1024.jpg\" class=\"attachment-large size-large wp-image-7825\" alt=\"\" srcset=\"https:\/\/afuego.cc\/wp-content\/uploads\/2021\/11\/instagram69-1021x1024.jpg 1021w, https:\/\/afuego.cc\/wp-content\/uploads\/2021\/11\/instagram69-300x301.jpg 300w, https:\/\/afuego.cc\/wp-content\/uploads\/2021\/11\/instagram69-150x150.jpg 150w, https:\/\/afuego.cc\/wp-content\/uploads\/2021\/11\/instagram69-768x770.jpg 768w, https:\/\/afuego.cc\/wp-content\/uploads\/2021\/11\/instagram69-450x451.jpg 450w, https:\/\/afuego.cc\/wp-content\/uploads\/2021\/11\/instagram69.jpg 1077w\" sizes=\"(max-width: 1021px) 100vw, 1021px\" \/>\t\t\t\t\t\t\t\t\t\t\t\t\t\t\t<\/div>\n\t\t\t\t<\/div>\n\t\t\t\t\t<\/div>\n\t\t<\/div>\n\t\t\t\t<div class=\"elementor-column elementor-col-33 elementor-top-column elementor-element elementor-element-001e3a5\" data-id=\"001e3a5\" data-element_type=\"column\" data-e-type=\"column\">\n\t\t\t<div class=\"elementor-widget-wrap elementor-element-populated\">\n\t\t\t\t\t\t<div class=\"elementor-element elementor-element-b01fda0 elementor-widget elementor-widget-image\" data-id=\"b01fda0\" data-element_type=\"widget\" data-e-type=\"widget\" data-widget_type=\"image.default\">\n\t\t\t\t<div class=\"elementor-widget-container\">\n\t\t\t\t\t\t\t\t\t\t\t\t\t\t\t<img decoding=\"async\" width=\"1021\" height=\"1024\" src=\"https:\/\/afuego.cc\/wp-content\/uploads\/2021\/11\/instagram68-1021x1024.jpg\" class=\"attachment-large size-large wp-image-7824\" alt=\"\" srcset=\"https:\/\/afuego.cc\/wp-content\/uploads\/2021\/11\/instagram68-1021x1024.jpg 1021w, https:\/\/afuego.cc\/wp-content\/uploads\/2021\/11\/instagram68-300x301.jpg 300w, https:\/\/afuego.cc\/wp-content\/uploads\/2021\/11\/instagram68-150x150.jpg 150w, https:\/\/afuego.cc\/wp-content\/uploads\/2021\/11\/instagram68-768x770.jpg 768w, https:\/\/afuego.cc\/wp-content\/uploads\/2021\/11\/instagram68-450x451.jpg 450w, https:\/\/afuego.cc\/wp-content\/uploads\/2021\/11\/instagram68.jpg 1077w\" sizes=\"(max-width: 1021px) 100vw, 1021px\" \/>\t\t\t\t\t\t\t\t\t\t\t\t\t\t\t<\/div>\n\t\t\t\t<\/div>\n\t\t\t\t\t<\/div>\n\t\t<\/div>\n\t\t\t\t\t<\/div>\n\t\t<\/section>\n\t\t\t\t<section class=\"elementor-section elementor-top-section elementor-element elementor-element-40ea53b elementor-section-boxed elementor-section-height-default elementor-section-height-default\" data-id=\"40ea53b\" data-element_type=\"section\" data-e-type=\"section\">\n\t\t\t\t\t\t<div class=\"elementor-container elementor-column-gap-default\">\n\t\t\t\t\t<div class=\"elementor-column elementor-col-100 elementor-top-column elementor-element elementor-element-5fdfb25\" data-id=\"5fdfb25\" data-element_type=\"column\" data-e-type=\"column\">\n\t\t\t<div class=\"elementor-widget-wrap elementor-element-populated\">\n\t\t\t\t\t\t<div class=\"elementor-element elementor-element-ed197d0 elementor-widget-divider--view-line elementor-widget elementor-widget-divider\" data-id=\"ed197d0\" data-element_type=\"widget\" data-e-type=\"widget\" data-widget_type=\"divider.default\">\n\t\t\t\t<div class=\"elementor-widget-container\">\n\t\t\t\t\t\t\t<div class=\"elementor-divider\">\n\t\t\t<span class=\"elementor-divider-separator\">\n\t\t\t\t\t\t<\/span>\n\t\t<\/div>\n\t\t\t\t\t\t<\/div>\n\t\t\t\t<\/div>\n\t\t\t\t<div class=\"elementor-element elementor-element-5207d66 elementor-widget elementor-widget-heading\" data-id=\"5207d66\" data-element_type=\"widget\" data-e-type=\"widget\" data-widget_type=\"heading.default\">\n\t\t\t\t<div class=\"elementor-widget-container\">\n\t\t\t\t\t<h2 class=\"elementor-heading-title elementor-size-default\">No creemos en el ciclismo como un producto. Lo entendemos como una forma de estar en el mundo.<\/h2>\t\t\t\t<\/div>\n\t\t\t\t<\/div>\n\t\t\t\t<div class=\"elementor-element elementor-element-11e9717 elementor-widget elementor-widget-text-editor\" data-id=\"11e9717\" data-element_type=\"widget\" data-e-type=\"widget\" data-widget_type=\"text-editor.default\">\n\t\t\t\t<div class=\"elementor-widget-container\">\n\t\t\t\t\t\t\t\t\t<p style=\"text-align: center;\">Una manera de recorrer territorios, conectar con personas y dar valor al tiempo sobre la bicicleta.<\/p>\t\t\t\t\t\t\t\t<\/div>\n\t\t\t\t<\/div>\n\t\t\t\t<div class=\"elementor-element elementor-element-be0651c elementor-widget-divider--view-line elementor-widget elementor-widget-divider\" data-id=\"be0651c\" data-element_type=\"widget\" data-e-type=\"widget\" data-widget_type=\"divider.default\">\n\t\t\t\t<div class=\"elementor-widget-container\">\n\t\t\t\t\t\t\t<div class=\"elementor-divider\">\n\t\t\t<span class=\"elementor-divider-separator\">\n\t\t\t\t\t\t<\/span>\n\t\t<\/div>\n\t\t\t\t\t\t<\/div>\n\t\t\t\t<\/div>\n\t\t\t\t<div class=\"elementor-element elementor-element-21dd265 elementor-widget elementor-widget-heading\" data-id=\"21dd265\" data-element_type=\"widget\" data-e-type=\"widget\" data-widget_type=\"heading.default\">\n\t\t\t\t<div class=\"elementor-widget-container\">\n\t\t\t\t\t<h2 class=\"elementor-heading-title elementor-size-default\">Todo empieza en la carretera.<\/h2>\t\t\t\t<\/div>\n\t\t\t\t<\/div>\n\t\t\t\t<div class=\"elementor-element elementor-element-5656429 elementor-widget elementor-widget-text-editor\" data-id=\"5656429\" data-element_type=\"widget\" data-e-type=\"widget\" data-widget_type=\"text-editor.default\">\n\t\t\t\t<div class=\"elementor-widget-container\">\n\t\t\t\t\t\t\t\t\t<p data-start=\"800\" data-end=\"952\"><strong>Afuego nace pedaleando.<\/strong><br data-start=\"823\" data-end=\"826\" \/>En rutas largas, condiciones exigentes y en esa sensaci\u00f3n de satisfacci\u00f3n que solo llega despu\u00e9s de un d\u00eda vivido de verdad.Durante a\u00f1os, esa visi\u00f3n tom\u00f3 forma a trav\u00e9s del dise\u00f1o de prendas de ciclismo, pensadas para acompa\u00f1ar jornadas largas y reales sobre la bicicleta.<\/p>\t\t\t\t\t\t\t\t<\/div>\n\t\t\t\t<\/div>\n\t\t\t\t\t<\/div>\n\t\t<\/div>\n\t\t\t\t\t<\/div>\n\t\t<\/section>\n\t\t\t\t<section class=\"elementor-section elementor-top-section elementor-element elementor-element-876747c elementor-section-boxed elementor-section-height-default elementor-section-height-default\" data-id=\"876747c\" data-element_type=\"section\" data-e-type=\"section\">\n\t\t\t\t\t\t<div class=\"elementor-container elementor-column-gap-default\">\n\t\t\t\t\t<div class=\"elementor-column elementor-col-50 elementor-top-column elementor-element elementor-element-727ca47\" data-id=\"727ca47\" data-element_type=\"column\" data-e-type=\"column\">\n\t\t\t<div class=\"elementor-widget-wrap elementor-element-populated\">\n\t\t\t\t\t\t<div class=\"elementor-element elementor-element-df54076 elementor-widget elementor-widget-image\" data-id=\"df54076\" data-element_type=\"widget\" data-e-type=\"widget\" data-widget_type=\"image.default\">\n\t\t\t\t<div class=\"elementor-widget-container\">\n\t\t\t\t\t\t\t\t\t\t\t\t\t\t\t<img loading=\"lazy\" decoding=\"async\" width=\"1024\" height=\"721\" src=\"https:\/\/afuego.cc\/wp-content\/uploads\/2021\/07\/office_door_p-1024x721.jpg\" class=\"attachment-large size-large wp-image-7526\" alt=\"\" srcset=\"https:\/\/afuego.cc\/wp-content\/uploads\/2021\/07\/office_door_p-1024x721.jpg 1024w, https:\/\/afuego.cc\/wp-content\/uploads\/2021\/07\/office_door_p-300x211.jpg 300w, https:\/\/afuego.cc\/wp-content\/uploads\/2021\/07\/office_door_p-450x317.jpg 450w, https:\/\/afuego.cc\/wp-content\/uploads\/2021\/07\/office_door_p-768x541.jpg 768w, https:\/\/afuego.cc\/wp-content\/uploads\/2021\/07\/office_door_p.jpg 1200w\" sizes=\"(max-width: 1024px) 100vw, 1024px\" \/>\t\t\t\t\t\t\t\t\t\t\t\t\t\t\t<\/div>\n\t\t\t\t<\/div>\n\t\t\t\t\t<\/div>\n\t\t<\/div>\n\t\t\t\t<div class=\"elementor-column elementor-col-50 elementor-top-column elementor-element elementor-element-1ff9dbd\" data-id=\"1ff9dbd\" data-element_type=\"column\" data-e-type=\"column\">\n\t\t\t<div class=\"elementor-widget-wrap elementor-element-populated\">\n\t\t\t\t\t\t<div class=\"elementor-element elementor-element-ebc108a elementor-widget elementor-widget-image\" data-id=\"ebc108a\" data-element_type=\"widget\" data-e-type=\"widget\" data-widget_type=\"image.default\">\n\t\t\t\t<div class=\"elementor-widget-container\">\n\t\t\t\t\t\t\t\t\t\t\t\t\t\t\t<img loading=\"lazy\" decoding=\"async\" width=\"1024\" height=\"699\" src=\"https:\/\/afuego.cc\/wp-content\/uploads\/2021\/07\/office_lobby-1024x699.jpg\" class=\"attachment-large size-large wp-image-7550\" alt=\"\" srcset=\"https:\/\/afuego.cc\/wp-content\/uploads\/2021\/07\/office_lobby-1024x699.jpg 1024w, https:\/\/afuego.cc\/wp-content\/uploads\/2021\/07\/office_lobby-300x205.jpg 300w, https:\/\/afuego.cc\/wp-content\/uploads\/2021\/07\/office_lobby-450x307.jpg 450w, https:\/\/afuego.cc\/wp-content\/uploads\/2021\/07\/office_lobby-768x524.jpg 768w, https:\/\/afuego.cc\/wp-content\/uploads\/2021\/07\/office_lobby.jpg 1200w\" sizes=\"(max-width: 1024px) 100vw, 1024px\" \/>\t\t\t\t\t\t\t\t\t\t\t\t\t\t\t<\/div>\n\t\t\t\t<\/div>\n\t\t\t\t\t<\/div>\n\t\t<\/div>\n\t\t\t\t\t<\/div>\n\t\t<\/section>\n\t\t\t\t<section class=\"elementor-section elementor-top-section elementor-element elementor-element-78cf409 elementor-section-boxed elementor-section-height-default elementor-section-height-default\" data-id=\"78cf409\" data-element_type=\"section\" data-e-type=\"section\">\n\t\t\t\t\t\t<div class=\"elementor-container elementor-column-gap-default\">\n\t\t\t\t\t<div class=\"elementor-column elementor-col-100 elementor-top-column elementor-element elementor-element-f182e8a\" data-id=\"f182e8a\" data-element_type=\"column\" data-e-type=\"column\">\n\t\t\t<div class=\"elementor-widget-wrap elementor-element-populated\">\n\t\t\t\t\t\t<div class=\"elementor-element elementor-element-f1bb428 elementor-widget elementor-widget-heading\" data-id=\"f1bb428\" data-element_type=\"widget\" data-e-type=\"widget\" data-widget_type=\"heading.default\">\n\t\t\t\t<div class=\"elementor-widget-container\">\n\t\t\t\t\t<h2 class=\"elementor-heading-title elementor-size-default\">Una evoluci\u00f3n natural.<\/h2>\t\t\t\t<\/div>\n\t\t\t\t<\/div>\n\t\t\t\t<div class=\"elementor-element elementor-element-7323bdb elementor-widget elementor-widget-text-editor\" data-id=\"7323bdb\" data-element_type=\"widget\" data-e-type=\"widget\" data-widget_type=\"text-editor.default\">\n\t\t\t\t<div class=\"elementor-widget-container\">\n\t\t\t\t\t\t\t\t\t<p data-start=\"1207\" data-end=\"1314\">Con el tiempo, entendimos que lo que realmente nos mov\u00eda no era solo crear ropa, sino <strong>dise\u00f1ar experiencias.<\/strong><\/p><p data-start=\"1318\" data-end=\"1477\">Aplicamos la misma atenci\u00f3n al detalle, el mismo respeto por el ritmo y la misma b\u00fasqueda de autenticidad al crear viajes en bicicleta cuidadosamente pensados.<\/p>\t\t\t\t\t\t\t\t<\/div>\n\t\t\t\t<\/div>\n\t\t\t\t<div class=\"elementor-element elementor-element-a50d8ae elementor-widget elementor-widget-heading\" data-id=\"a50d8ae\" data-element_type=\"widget\" data-e-type=\"widget\" data-widget_type=\"heading.default\">\n\t\t\t\t<div class=\"elementor-widget-container\">\n\t\t\t\t\t<h2 class=\"elementor-heading-title elementor-size-default\">Afuego hoy.<\/h2>\t\t\t\t<\/div>\n\t\t\t\t<\/div>\n\t\t\t\t<div class=\"elementor-element elementor-element-1be111b elementor-widget elementor-widget-text-editor\" data-id=\"1be111b\" data-element_type=\"widget\" data-e-type=\"widget\" data-widget_type=\"text-editor.default\">\n\t\t\t\t<div class=\"elementor-widget-container\">\n\t\t\t\t\t\t\t\t\t<p data-start=\"1604\" data-end=\"1711\">Hoy, <strong>Afuego es una marca enfocada en experiencias<\/strong>, viajes y un estilo de vida aut\u00e9ntico ligado al ciclismo. Algunas prendas forman parte de nuestra historia y siguen vivas dentro de experiencias Afuego seleccionadas, como expresi\u00f3n de esa identidad.<\/p>\t\t\t\t\t\t\t\t<\/div>\n\t\t\t\t<\/div>\n\t\t\t\t\t<\/div>\n\t\t<\/div>\n\t\t\t\t\t<\/div>\n\t\t<\/section>\n\t\t\t\t<section class=\"elementor-section elementor-top-section elementor-element elementor-element-24878c4 elementor-section-boxed elementor-section-height-default elementor-section-height-default\" data-id=\"24878c4\" data-element_type=\"section\" data-e-type=\"section\">\n\t\t\t\t\t\t<div class=\"elementor-container elementor-column-gap-default\">\n\t\t\t\t\t<div class=\"elementor-column elementor-col-100 elementor-top-column elementor-element elementor-element-aeb434d\" data-id=\"aeb434d\" data-element_type=\"column\" data-e-type=\"column\">\n\t\t\t<div class=\"elementor-widget-wrap elementor-element-populated\">\n\t\t\t\t\t\t<div class=\"elementor-element elementor-element-3b20471 elementor-widget-divider--view-line elementor-widget elementor-widget-divider\" data-id=\"3b20471\" data-element_type=\"widget\" data-e-type=\"widget\" data-widget_type=\"divider.default\">\n\t\t\t\t<div class=\"elementor-widget-container\">\n\t\t\t\t\t\t\t<div class=\"elementor-divider\">\n\t\t\t<span class=\"elementor-divider-separator\">\n\t\t\t\t\t\t<\/span>\n\t\t<\/div>\n\t\t\t\t\t\t<\/div>\n\t\t\t\t<\/div>\n\t\t\t\t<div class=\"elementor-element elementor-element-c6d17c9 elementor-widget elementor-widget-heading\" data-id=\"c6d17c9\" data-element_type=\"widget\" data-e-type=\"widget\" data-widget_type=\"heading.default\">\n\t\t\t\t<div class=\"elementor-widget-container\">\n\t\t\t\t\t<h2 class=\"elementor-heading-title elementor-size-default\">Nuestra manera de entender el ciclismo<\/h2>\t\t\t\t<\/div>\n\t\t\t\t<\/div>\n\t\t\t\t<div class=\"elementor-element elementor-element-177efaf elementor-widget elementor-widget-text-editor\" data-id=\"177efaf\" data-element_type=\"widget\" data-e-type=\"widget\" data-widget_type=\"text-editor.default\">\n\t\t\t\t<div class=\"elementor-widget-container\">\n\t\t\t\t\t\t\t\t\t<p class=\"p1\"><strong data-start=\"1489\" data-end=\"1502\">Road tested:<\/strong> Nada se dise\u00f1a sin vivirlo.<\/p><p class=\"p1\"><strong data-start=\"1554\" data-end=\"1574\">Slow cycling:<\/strong> El viaje importa tanto como el destino.<\/p><p class=\"p1\"><strong data-start=\"1640\" data-end=\"1651\">Authenticity:<\/strong> Personas, lugares y sabores reales.<\/p><p><strong>Community:\u00a0<\/strong>Compartir la carretera, dentro y fuera del pelot\u00f3n.<\/p>\t\t\t\t\t\t\t\t<\/div>\n\t\t\t\t<\/div>\n\t\t\t\t<div class=\"elementor-element elementor-element-918e444 elementor-widget-divider--view-line elementor-widget elementor-widget-divider\" data-id=\"918e444\" data-element_type=\"widget\" data-e-type=\"widget\" data-widget_type=\"divider.default\">\n\t\t\t\t<div class=\"elementor-widget-container\">\n\t\t\t\t\t\t\t<div class=\"elementor-divider\">\n\t\t\t<span class=\"elementor-divider-separator\">\n\t\t\t\t\t\t<\/span>\n\t\t<\/div>\n\t\t\t\t\t\t<\/div>\n\t\t\t\t<\/div>\n\t\t\t\t<div class=\"elementor-element elementor-element-ebf30f1 elementor-widget elementor-widget-heading\" data-id=\"ebf30f1\" data-element_type=\"widget\" data-e-type=\"widget\" data-widget_type=\"heading.default\">\n\t\t\t\t<div class=\"elementor-widget-container\">\n\t\t\t\t\t<h2 class=\"elementor-heading-title elementor-size-default\">Afuego no persigue tendencias.\nSigue caminos.<\/h2>\t\t\t\t<\/div>\n\t\t\t\t<\/div>\n\t\t\t\t\t<\/div>\n\t\t<\/div>\n\t\t\t\t\t<\/div>\n\t\t<\/section>\n\t\t\t\t<\/div>\n\t\t","protected":false},"excerpt":{"rendered":"<p>No creemos en el ciclismo como un producto. Lo entendemos como una forma de estar en el mundo. Una manera de recorrer territorios, conectar con personas y dar valor al tiempo sobre la bicicleta. Todo empieza en la carretera. Afuego nace pedaleando.En rutas largas, condiciones exigentes y en esa sensaci\u00f3n de satisfacci\u00f3n que solo llega<a class=\"more-link\" href=\"https:\/\/afuego.cc\/index.php\/about-us\/\">Read more  &#10230;<\/a><\/p>\n","protected":false},"author":1,"featured_media":0,"parent":0,"menu_order":0,"comment_status":"closed","ping_status":"closed","template":"","meta":{"_monsterinsights_skip_tracking":false,"_monsterinsights_sitenote_active":false,"_monsterinsights_sitenote_note":"","_monsterinsights_sitenote_category":0,"footnotes":""},"class_list":["post-7458","page","type-page","status-publish","hentry"],"aioseo_notices":[],"_links":{"self":[{"href":"https:\/\/afuego.cc\/index.php\/wp-json\/wp\/v2\/pages\/7458","targetHints":{"allow":["GET"]}}],"collection":[{"href":"https:\/\/afuego.cc\/index.php\/wp-json\/wp\/v2\/pages"}],"about":[{"href":"https:\/\/afuego.cc\/index.php\/wp-json\/wp\/v2\/types\/page"}],"author":[{"embeddable":true,"href":"https:\/\/afuego.cc\/index.php\/wp-json\/wp\/v2\/users\/1"}],"replies":[{"embeddable":true,"href":"https:\/\/afuego.cc\/index.php\/wp-json\/wp\/v2\/comments?post=7458"}],"version-history":[{"count":103,"href":"https:\/\/afuego.cc\/index.php\/wp-json\/wp\/v2\/pages\/7458\/revisions"}],"predecessor-version":[{"id":10477,"href":"https:\/\/afuego.cc\/index.php\/wp-json\/wp\/v2\/pages\/7458\/revisions\/10477"}],"wp:attachment":[{"href":"https:\/\/afuego.cc\/index.php\/wp-json\/wp\/v2\/media?parent=7458"}],"curies":[{"name":"wp","href":"https:\/\/api.w.org\/{rel}","templated":true}]}}